{"id":30,"date":"2024-05-21T10:24:46","date_gmt":"2024-05-21T10:24:46","guid":{"rendered":"https:\/\/bagelboys.ch\/?page_id=30"},"modified":"2026-03-09T16:46:24","modified_gmt":"2026-03-09T14:46:24","slug":"catering-order","status":"publish","type":"page","link":"https:\/\/bagelboys.ch\/en\/catering-order\/","title":{"rendered":"CATERING"},"content":{"rendered":"<div data-elementor-type=\"wp-page\" data-elementor-id=\"30\" class=\"elementor elementor-30\">\n\t\t\t\t<div class=\"elementor-element elementor-element-4739fadb e-con-full lightbrown__background e-flex e-con e-parent\" data-id=\"4739fadb\" data-element_type=\"container\" data-e-type=\"container\" data-settings=\"{&quot;background_background&quot;:&quot;classic&quot;}\">\n\t\t<div class=\"elementor-element elementor-element-5b0390b3 e-flex e-con-boxed e-con e-child\" data-id=\"5b0390b3\" data-element_type=\"container\" data-e-type=\"container\">\n\t\t\t\t\t<div class=\"e-con-inner\">\n\t\t\t\t<div class=\"elementor-element elementor-element-5d2243fa elementor-widget elementor-widget-heading\" data-id=\"5d2243fa\" data-element_type=\"widget\" data-e-type=\"widget\" data-widget_type=\"heading.default\">\n\t\t\t\t<div class=\"elementor-widget-container\">\n\t\t\t\t\t<h1 class=\"elementor-heading-title elementor-size-default\">Your Business Catering<\/h1>\t\t\t\t<\/div>\n\t\t\t\t<\/div>\n\t\t<div class=\"elementor-element elementor-element-5cf77d28 e-flex e-con-boxed e-con e-child\" data-id=\"5cf77d28\" data-element_type=\"container\" data-e-type=\"container\">\n\t\t\t\t\t<div class=\"e-con-inner\">\n\t\t\t\t<div class=\"elementor-element elementor-element-70ea0e7f elementor-widget elementor-widget-text-editor\" data-id=\"70ea0e7f\" data-element_type=\"widget\" data-e-type=\"widget\" data-widget_type=\"text-editor.default\">\n\t\t\t\t<div class=\"elementor-widget-container\">\n\t\t\t\t\t\t\t\t\t<p>We can look back on almost 20 years of experience in the catering industry and are proud to count countless well-known companies and private individuals among our regular customers. Our products offer a welcome alternative to other catering providers and impress with their quality and creativity. Our bagel sandwiches are made with over 90% organic ingredients and attractively arranged on sustainable appetizer platters. Our catering is perfect for any quick business lunch or a relaxed standing reception for informal conversation. The \"wow\" factor for your guests is guaranteed! (Gluten-free bagels from \"Sch\u00e4r\" are also available.)<\/p>\t\t\t\t\t\t\t\t<\/div>\n\t\t\t\t<\/div>\n\t\t\t\t\t<\/div>\n\t\t\t\t<\/div>\n\t\t\t\t\t<\/div>\n\t\t\t\t<\/div>\n\t\t<div class=\"elementor-element elementor-element-2858c8db e-con-full slider__part e-flex e-con e-child\" data-id=\"2858c8db\" data-element_type=\"container\" data-e-type=\"container\">\n\t\t\t\t<div class=\"elementor-element elementor-element-4c091bd1 elementor-widget elementor-widget-image-carousel\" data-id=\"4c091bd1\" data-element_type=\"widget\" data-e-type=\"widget\" data-settings=\"{&quot;slides_to_show&quot;:&quot;3&quot;,&quot;slides_to_scroll&quot;:&quot;1&quot;,&quot;navigation&quot;:&quot;none&quot;,&quot;autoplay_speed&quot;:3000,&quot;autoplay&quot;:&quot;yes&quot;,&quot;pause_on_hover&quot;:&quot;yes&quot;,&quot;pause_on_interaction&quot;:&quot;yes&quot;,&quot;infinite&quot;:&quot;yes&quot;,&quot;speed&quot;:500}\" data-widget_type=\"image-carousel.default\">\n\t\t\t\t<div class=\"elementor-widget-container\">\n\t\t\t\t\t\t\t<div class=\"elementor-image-carousel-wrapper swiper\" role=\"region\" aria-roledescription=\"carousel\" aria-label=\"Image Carousel\" dir=\"ltr\">\n\t\t\t<div class=\"elementor-image-carousel swiper-wrapper swiper-image-stretch\" aria-live=\"off\">\n\t\t\t\t\t\t\t\t<div class=\"swiper-slide\" role=\"group\" aria-roledescription=\"slide\" aria-label=\"1 of 5\"><figure class=\"swiper-slide-inner\"><img decoding=\"async\" class=\"swiper-slide-image\" src=\"https:\/\/bagelboys.ch\/wp-content\/uploads\/2025\/04\/Apero.komplett.webp\" alt=\"Apero.komplett\" \/><\/figure><\/div><div class=\"swiper-slide\" role=\"group\" aria-roledescription=\"slide\" aria-label=\"2 of 5\"><figure class=\"swiper-slide-inner\"><img decoding=\"async\" class=\"swiper-slide-image\" src=\"https:\/\/bagelboys.ch\/wp-content\/uploads\/2025\/04\/Catering.Uni_.webp\" alt=\"Catering.Uni_\" \/><\/figure><\/div><div class=\"swiper-slide\" role=\"group\" aria-roledescription=\"slide\" aria-label=\"3 of 5\"><figure class=\"swiper-slide-inner\"><img decoding=\"async\" class=\"swiper-slide-image\" src=\"https:\/\/bagelboys.ch\/wp-content\/uploads\/2025\/04\/Classic.Lox_-1.webp\" alt=\"Classic.Lox_-1\" \/><\/figure><\/div><div class=\"swiper-slide\" role=\"group\" aria-roledescription=\"slide\" aria-label=\"4 of 5\"><figure class=\"swiper-slide-inner\"><img decoding=\"async\" class=\"swiper-slide-image\" src=\"https:\/\/bagelboys.ch\/wp-content\/uploads\/2025\/04\/Platte.geviertelt.webp\" alt=\"Platte.geviertelt\" \/><\/figure><\/div><div class=\"swiper-slide\" role=\"group\" aria-roledescription=\"slide\" aria-label=\"5 of 5\"><figure class=\"swiper-slide-inner\"><img decoding=\"async\" class=\"swiper-slide-image\" src=\"https:\/\/bagelboys.ch\/wp-content\/uploads\/2025\/04\/Couscous.Salat_.webp\" alt=\"Couscous.Salat_\" \/><\/figure><\/div>\t\t\t<\/div>\n\t\t\t\t\t\t\t\n\t\t\t\t\t\t\t\t\t<\/div>\n\t\t\t\t\t\t<\/div>\n\t\t\t\t<\/div>\n\t\t\t\t<\/div>\n\t\t\t\t<\/div>\n\t\t<div class=\"elementor-element elementor-element-35e27197 e-flex e-con-boxed e-con e-parent\" data-id=\"35e27197\" data-element_type=\"container\" data-e-type=\"container\" data-settings=\"{&quot;background_background&quot;:&quot;classic&quot;}\">\n\t\t\t\t\t<div class=\"e-con-inner\">\n\t\t<div class=\"elementor-element elementor-element-889fa49 e-flex e-con-boxed e-con e-child\" data-id=\"889fa49\" data-element_type=\"container\" data-e-type=\"container\">\n\t\t\t\t\t<div class=\"e-con-inner\">\n\t\t<div class=\"elementor-element elementor-element-828ef2c e-con-full e-flex e-con e-child\" data-id=\"828ef2c\" data-element_type=\"container\" data-e-type=\"container\">\n\t\t\t\t<div class=\"elementor-element elementor-element-efc7922 elementor-widget elementor-widget-heading\" data-id=\"efc7922\" data-element_type=\"widget\" data-e-type=\"widget\" data-widget_type=\"heading.default\">\n\t\t\t\t<div class=\"elementor-widget-container\">\n\t\t\t\t\t<h2 class=\"elementor-heading-title elementor-size-default\">Choose from the following 2 options:<\/h2>\t\t\t\t<\/div>\n\t\t\t\t<\/div>\n\t\t\t\t<\/div>\n\t\t<div class=\"elementor-element elementor-element-1f076ba9 slider__part e-con-full e-flex e-con e-child\" data-id=\"1f076ba9\" data-element_type=\"container\" data-e-type=\"container\">\n\t\t<div class=\"elementor-element elementor-element-c5e52f6 e-flex e-con-boxed e-con e-child\" data-id=\"c5e52f6\" data-element_type=\"container\" data-e-type=\"container\">\n\t\t\t\t\t<div class=\"e-con-inner\">\n\t\t\t\t<div class=\"elementor-element elementor-element-775a4faa elementor-widget elementor-widget-heading\" data-id=\"775a4faa\" data-element_type=\"widget\" data-e-type=\"widget\" data-widget_type=\"heading.default\">\n\t\t\t\t<div class=\"elementor-widget-container\">\n\t\t\t\t\t<h2 class=\"elementor-heading-title elementor-size-default\">order suggestion<\/h2>\t\t\t\t<\/div>\n\t\t\t\t<\/div>\n\t\t\t\t<div class=\"elementor-element elementor-element-4e5eaa7a elementor-widget elementor-widget-text-editor\" data-id=\"4e5eaa7a\" data-element_type=\"widget\" data-e-type=\"widget\" data-widget_type=\"text-editor.default\">\n\t\t\t\t<div class=\"elementor-widget-container\">\n\t\t\t\t\t\t\t\t\t<p class=\"translation-block\">Here we will immediately make you an order suggestion. You only have to enter the number of people and the ratio of meat to vegetarian, and the system will put together a nice mix of our products for you. NEW: you can also order individual products from the entire range.<\/p>\t\t\t\t\t\t\t\t<\/div>\n\t\t\t\t<\/div>\n\t\t\t\t<div class=\"elementor-element elementor-element-e0ec1e5 elementor-mobile-align-justify suggestion-order countinue-as-modal elementor-widget elementor-widget-button\" data-id=\"e0ec1e5\" data-element_type=\"widget\" data-e-type=\"widget\" data-widget_type=\"button.default\">\n\t\t\t\t<div class=\"elementor-widget-container\">\n\t\t\t\t\t\t\t\t\t<div class=\"elementor-button-wrapper\">\n\t\t\t\t\t<a class=\"elementor-button elementor-button-link elementor-size-sm\" href=\"\/en\/catering-order\/catering-suggestions\/\" id=\"suggestion-order-now-button\">\n\t\t\t\t\t\t<span class=\"elementor-button-content-wrapper\">\n\t\t\t\t\t\t\t\t\t<span class=\"elementor-button-text\">Online Shop<\/span>\n\t\t\t\t\t<\/span>\n\t\t\t\t\t<\/a>\n\t\t\t\t<\/div>\n\t\t\t\t\t\t\t\t<\/div>\n\t\t\t\t<\/div>\n\t\t\t\t\t<\/div>\n\t\t\t\t<\/div>\n\t\t<div class=\"elementor-element elementor-element-572a016a e-flex e-con-boxed e-con e-child\" data-id=\"572a016a\" data-element_type=\"container\" data-e-type=\"container\">\n\t\t\t\t\t<div class=\"e-con-inner\">\n\t\t\t\t<div class=\"elementor-element elementor-element-3405e5f5 choose__image elementor-widget elementor-widget-image\" data-id=\"3405e5f5\" data-element_type=\"widget\" data-e-type=\"widget\" data-widget_type=\"image.default\">\n\t\t\t\t<div class=\"elementor-widget-container\">\n\t\t\t\t\t\t\t\t\t\t\t\t\t\t\t<img fetchpriority=\"high\" decoding=\"async\" width=\"615\" height=\"1024\" src=\"https:\/\/bagelboys.ch\/wp-content\/uploads\/2025\/04\/Suggestion.Flow_-615x1024.webp\" class=\"attachment-large size-large wp-image-4749\" alt=\"\" srcset=\"https:\/\/bagelboys.ch\/wp-content\/uploads\/2025\/04\/Suggestion.Flow_-615x1024.webp 615w, https:\/\/bagelboys.ch\/wp-content\/uploads\/2025\/04\/Suggestion.Flow_-180x300.webp 180w, https:\/\/bagelboys.ch\/wp-content\/uploads\/2025\/04\/Suggestion.Flow_-768x1279.webp 768w, https:\/\/bagelboys.ch\/wp-content\/uploads\/2025\/04\/Suggestion.Flow_-923x1536.webp 923w, https:\/\/bagelboys.ch\/wp-content\/uploads\/2025\/04\/Suggestion.Flow_-7x12.webp 7w, https:\/\/bagelboys.ch\/wp-content\/uploads\/2025\/04\/Suggestion.Flow_-300x499.webp 300w, https:\/\/bagelboys.ch\/wp-content\/uploads\/2025\/04\/Suggestion.Flow_.webp 1179w\" sizes=\"(max-width: 615px) 100vw, 615px\" \/>\t\t\t\t\t\t\t\t\t\t\t\t\t\t\t<\/div>\n\t\t\t\t<\/div>\n\t\t\t\t\t<\/div>\n\t\t\t\t<\/div>\n\t\t\t\t<\/div>\n\t\t<div class=\"elementor-element elementor-element-68b99fdf slider__part e-con-full e-flex e-con e-child\" data-id=\"68b99fdf\" data-element_type=\"container\" data-e-type=\"container\">\n\t\t<div class=\"elementor-element elementor-element-7ad30e4f e-flex e-con-boxed e-con e-child\" data-id=\"7ad30e4f\" data-element_type=\"container\" data-e-type=\"container\">\n\t\t\t\t\t<div class=\"e-con-inner\">\n\t\t\t\t<div class=\"elementor-element elementor-element-3bf05fe7 choose__image elementor-widget elementor-widget-image\" data-id=\"3bf05fe7\" data-element_type=\"widget\" data-e-type=\"widget\" data-widget_type=\"image.default\">\n\t\t\t\t<div class=\"elementor-widget-container\">\n\t\t\t\t\t\t\t\t\t\t\t\t\t\t\t<img decoding=\"async\" width=\"480\" height=\"672\" src=\"https:\/\/bagelboys.ch\/wp-content\/uploads\/2025\/04\/choose.yourself.webp\" class=\"attachment-large size-large wp-image-4750\" alt=\"\" srcset=\"https:\/\/bagelboys.ch\/wp-content\/uploads\/2025\/04\/choose.yourself.webp 480w, https:\/\/bagelboys.ch\/wp-content\/uploads\/2025\/04\/choose.yourself-214x300.webp 214w, https:\/\/bagelboys.ch\/wp-content\/uploads\/2025\/04\/choose.yourself-9x12.webp 9w, https:\/\/bagelboys.ch\/wp-content\/uploads\/2025\/04\/choose.yourself-300x420.webp 300w\" sizes=\"(max-width: 480px) 100vw, 480px\" \/>\t\t\t\t\t\t\t\t\t\t\t\t\t\t\t<\/div>\n\t\t\t\t<\/div>\n\t\t\t\t\t<\/div>\n\t\t\t\t<\/div>\n\t\t<div class=\"elementor-element elementor-element-179b5128 e-flex e-con-boxed e-con e-child\" data-id=\"179b5128\" data-element_type=\"container\" data-e-type=\"container\">\n\t\t\t\t\t<div class=\"e-con-inner\">\n\t\t\t\t<div class=\"elementor-element elementor-element-23761a6f elementor-widget elementor-widget-heading\" data-id=\"23761a6f\" data-element_type=\"widget\" data-e-type=\"widget\" data-widget_type=\"heading.default\">\n\t\t\t\t<div class=\"elementor-widget-container\">\n\t\t\t\t\t<h2 class=\"elementor-heading-title elementor-size-default\">Choose yourself<\/h2>\t\t\t\t<\/div>\n\t\t\t\t<\/div>\n\t\t\t\t<div class=\"elementor-element elementor-element-78e43fda elementor-widget elementor-widget-text-editor\" data-id=\"78e43fda\" data-element_type=\"widget\" data-e-type=\"widget\" data-widget_type=\"text-editor.default\">\n\t\t\t\t<div class=\"elementor-widget-container\">\n\t\t\t\t\t\t\t\t\t<p class=\"translation-block\">Here you can put together your order yourself. We recommend ordering an average of around 1.3 whole sandwiches and around 1.3 mini pastries per person. If you also add some extras like menu salads or veggie dip, the quantity can be reduced slightly. If you want it to be quick and easy, use our order suggestion.<\/p>\t\t\t\t\t\t\t\t<\/div>\n\t\t\t\t<\/div>\n\t\t\t\t<div class=\"elementor-element elementor-element-37b097e elementor-widget elementor-widget-shortcode\" data-id=\"37b097e\" data-element_type=\"widget\" data-e-type=\"widget\" data-widget_type=\"shortcode.default\">\n\t\t\t\t<div class=\"elementor-widget-container\">\n\t\t\t\t\t\t\t<div class=\"elementor-shortcode\">\t\t\t\t\t\t\t\t\t<button class=\"primary__btn big--btn self-order countinue-as-modal\">online shop<\/button>\n\t\t\t<\/div>\n\t\t\t\t\t\t<\/div>\n\t\t\t\t<\/div>\n\t\t\t\t\t<\/div>\n\t\t\t\t<\/div>\n\t\t\t\t<\/div>\n\t\t\t\t\t<\/div>\n\t\t\t\t<\/div>\n\t\t<div class=\"elementor-element elementor-element-54c1ca75 e-flex e-con-boxed e-con e-child\" data-id=\"54c1ca75\" data-element_type=\"container\" data-e-type=\"container\">\n\t\t\t\t\t<div class=\"e-con-inner\">\n\t\t\t\t<div class=\"elementor-element elementor-element-18f7da79 elementor-widget elementor-widget-heading\" data-id=\"18f7da79\" data-element_type=\"widget\" data-e-type=\"widget\" data-widget_type=\"heading.default\">\n\t\t\t\t<div class=\"elementor-widget-container\">\n\t\t\t\t\t<h2 class=\"elementor-heading-title elementor-size-default\">Catering DELIVERY CONDITIONS<\/h2>\t\t\t\t<\/div>\n\t\t\t\t<\/div>\n\t\t<div class=\"elementor-element elementor-element-33b933c6 e-flex e-con-boxed e-con e-child\" data-id=\"33b933c6\" data-element_type=\"container\" data-e-type=\"container\">\n\t\t\t\t\t<div class=\"e-con-inner\">\n\t\t<div class=\"elementor-element elementor-element-15b439d6 e-flex e-con-boxed e-con e-child\" data-id=\"15b439d6\" data-element_type=\"container\" data-e-type=\"container\" data-settings=\"{&quot;background_background&quot;:&quot;classic&quot;}\">\n\t\t\t\t\t<div class=\"e-con-inner\">\n\t\t\t\t<div class=\"elementor-element elementor-element-4acbb7d3 elementor-widget elementor-widget-image\" data-id=\"4acbb7d3\" data-element_type=\"widget\" data-e-type=\"widget\" data-widget_type=\"image.default\">\n\t\t\t\t<div class=\"elementor-widget-container\">\n\t\t\t\t\t\t\t\t\t\t\t\t\t\t\t<img decoding=\"async\" width=\"72\" height=\"72\" src=\"https:\/\/bagelboys.ch\/wp-content\/smush-webp\/2024\/05\/Frame-627172.png.webp\" class=\"attachment-large size-large wp-image-369\" alt=\"\" \/>\t\t\t\t\t\t\t\t\t\t\t\t\t\t\t<\/div>\n\t\t\t\t<\/div>\n\t\t\t\t<div class=\"elementor-element elementor-element-32e12889 elementor-widget elementor-widget-heading\" data-id=\"32e12889\" data-element_type=\"widget\" data-e-type=\"widget\" data-widget_type=\"heading.default\">\n\t\t\t\t<div class=\"elementor-widget-container\">\n\t\t\t\t\t<h3 class=\"elementor-heading-title elementor-size-default\">Order<\/h3>\t\t\t\t<\/div>\n\t\t\t\t<\/div>\n\t\t\t\t<div class=\"elementor-element elementor-element-4c7c581d elementor-widget elementor-widget-text-editor\" data-id=\"4c7c581d\" data-element_type=\"widget\" data-e-type=\"widget\" data-widget_type=\"text-editor.default\">\n\t\t\t\t<div class=\"elementor-widget-container\">\n\t\t\t\t\t\t\t\t\t<p>Please place your order at least one day in advance through this online platform. Last-minute orders (for the same day) can be accepted by phone, depending on our capacity. We recommend ordering an average of 1.3 sandwiches and 1.3 mini pastries per person. If you plan to order extras, the quantities can be slightly reduced. If you have any questions about filling out the order form, we are happy to help.<\/p>\t\t\t\t\t\t\t\t<\/div>\n\t\t\t\t<\/div>\n\t\t\t\t\t<\/div>\n\t\t\t\t<\/div>\n\t\t<div class=\"elementor-element elementor-element-f0a1b7a e-flex e-con-boxed e-con e-child\" data-id=\"f0a1b7a\" data-element_type=\"container\" data-e-type=\"container\" data-settings=\"{&quot;background_background&quot;:&quot;classic&quot;}\">\n\t\t\t\t\t<div class=\"e-con-inner\">\n\t\t\t\t<div class=\"elementor-element elementor-element-778520dc elementor-widget elementor-widget-image\" data-id=\"778520dc\" data-element_type=\"widget\" data-e-type=\"widget\" data-widget_type=\"image.default\">\n\t\t\t\t<div class=\"elementor-widget-container\">\n\t\t\t\t\t\t\t\t\t\t\t\t\t\t\t<img loading=\"lazy\" decoding=\"async\" width=\"72\" height=\"72\" src=\"https:\/\/bagelboys.ch\/wp-content\/smush-webp\/2024\/05\/Frame-627172-1.png.webp\" class=\"attachment-large size-large wp-image-376\" alt=\"\" \/>\t\t\t\t\t\t\t\t\t\t\t\t\t\t\t<\/div>\n\t\t\t\t<\/div>\n\t\t\t\t<div class=\"elementor-element elementor-element-104de60d elementor-widget elementor-widget-heading\" data-id=\"104de60d\" data-element_type=\"widget\" data-e-type=\"widget\" data-widget_type=\"heading.default\">\n\t\t\t\t<div class=\"elementor-widget-container\">\n\t\t\t\t\t<h3 class=\"elementor-heading-title elementor-size-default\">Delivery<\/h3>\t\t\t\t<\/div>\n\t\t\t\t<\/div>\n\t\t\t\t<div class=\"elementor-element elementor-element-6c6d96b elementor-widget elementor-widget-text-editor\" data-id=\"6c6d96b\" data-element_type=\"widget\" data-e-type=\"widget\" data-widget_type=\"text-editor.default\">\n\t\t\t\t<div class=\"elementor-widget-container\">\n\t\t\t\t\t\t\t\t\t<p class=\"translation-block\">We can look back on almost 20 years of experience in the catering industry and count countless well-known companies and private individuals among our regular customers. Our products are a welcome change from the catering services of other providers and impress with their quality and creativity. The bagel sandwiches are topped with over 90% organic ingredients and beautifully arranged on sustainable aperitif platters. Our catering is perfect for any quick business lunch or for a cozy standing aperitif for informal conversation. The \"wow factor\" among your guests is guaranteed!<\/p>\t\t\t\t\t\t\t\t<\/div>\n\t\t\t\t<\/div>\n\t\t\t\t\t<\/div>\n\t\t\t\t<\/div>\n\t\t<div class=\"elementor-element elementor-element-efa3921 e-flex e-con-boxed e-con e-child\" data-id=\"efa3921\" data-element_type=\"container\" data-e-type=\"container\" data-settings=\"{&quot;background_background&quot;:&quot;classic&quot;}\">\n\t\t\t\t\t<div class=\"e-con-inner\">\n\t\t\t\t<div class=\"elementor-element elementor-element-30302f65 elementor-widget elementor-widget-image\" data-id=\"30302f65\" data-element_type=\"widget\" data-e-type=\"widget\" data-widget_type=\"image.default\">\n\t\t\t\t<div class=\"elementor-widget-container\">\n\t\t\t\t\t\t\t\t\t\t\t\t\t\t\t<img loading=\"lazy\" decoding=\"async\" width=\"72\" height=\"72\" src=\"https:\/\/bagelboys.ch\/wp-content\/smush-webp\/2024\/05\/Frame-627172-2.png.webp\" class=\"attachment-large size-large wp-image-377\" alt=\"\" \/>\t\t\t\t\t\t\t\t\t\t\t\t\t\t\t<\/div>\n\t\t\t\t<\/div>\n\t\t\t\t<div class=\"elementor-element elementor-element-440da39b elementor-widget elementor-widget-heading\" data-id=\"440da39b\" data-element_type=\"widget\" data-e-type=\"widget\" data-widget_type=\"heading.default\">\n\t\t\t\t<div class=\"elementor-widget-container\">\n\t\t\t\t\t<h3 class=\"elementor-heading-title elementor-size-default\">Product Info<\/h3>\t\t\t\t<\/div>\n\t\t\t\t<\/div>\n\t\t\t\t<div class=\"elementor-element elementor-element-58b16bcf elementor-widget elementor-widget-text-editor\" data-id=\"58b16bcf\" data-element_type=\"widget\" data-e-type=\"widget\" data-widget_type=\"text-editor.default\">\n\t\t\t\t<div class=\"elementor-widget-container\">\n\t\t\t\t\t\t\t\t\tOur bagel sandwiches and sweets are delivered halved or quartered on appetizer platters with picks. The option to have them individually wrapped in foil with labels is also available. For the \u201cquartered with picks\u201d and \u201cindividually wrapped\u201d options, a small surcharge applies due to the additional work involved. Upon receipt, sandwiches can be kept unrefrigerated for up to 3 hours. When refrigerated, they remain good to eat the next day. The bread (bagels) tastes best when not taken straight from the refrigerator. All our products are freshly prepared shortly before delivery.\t\t\t\t\t\t\t\t<\/div>\n\t\t\t\t<\/div>\n\t\t\t\t\t<\/div>\n\t\t\t\t<\/div>\n\t\t\t\t\t<\/div>\n\t\t\t\t<\/div>\n\t\t\t\t\t<\/div>\n\t\t\t\t<\/div>\n\t\t\t\t\t<\/div>\n\t\t\t\t<\/div>\n\t\t<div class=\"elementor-element elementor-element-3649f5d8 e-con-full e-flex e-con e-parent\" data-id=\"3649f5d8\" data-element_type=\"container\" data-e-type=\"container\" data-settings=\"{&quot;background_background&quot;:&quot;classic&quot;}\">\n\t\t\t\t<div class=\"elementor-element elementor-element-c769635 elementor-widget elementor-widget-bb_contact_widget\" data-id=\"c769635\" data-element_type=\"widget\" data-e-type=\"widget\" data-widget_type=\"bb_contact_widget.default\">\n\t\t\t\t<div class=\"elementor-widget-container\">\n\t\t\t\t\t\t\t<section class=\"global__contact\">\r\n\t\t\t<div class=\"round__bagel--right\">\r\n\t\t\t\t<img decoding=\"async\" src=\"https:\/\/bagelboys.ch\/wp-content\/themes\/bagelboys\/assets\/images\/half-bagel.svg\" class=\"img-fluid\" alt=\"Bagel\">\r\n\t\t\t<\/div>\r\n\t\t\t<div class=\"container\">\r\n\t\t\t\t<div class=\"row\">\r\n\t\t\t\t\t<div class=\"col-lg-2 col-md-5\">\r\n\t\t\t\t\t\t<div class=\"global__open--cover\">\r\n\t\t\t\t\t\t\t<div class=\"global__open\" style=\"background: #FF0000\">\r\n\t\t\t\t\t\t\t\t<h2>WE ARE<\/h2>\r\n\t\t\t\t\t\t\t\t<h3>CLOSED<\/h3>\r\n\t\t\t\t\t\t\t\t<h4>Now<\/h4>\r\n\t\t\t\t\t\t\t<\/div>\r\n\t\t\t\t\t\t<\/div>\r\n\t\t\t\t\t<\/div>\r\n\t\t\t\t\t<div class=\"col-lg-4 col-md-7\">\r\n\t\t\t\t\t\t<div class=\"business__hour\">\r\n\t\t\t\t\t\t\t<h2 class=\"title--3\">Business hours<\/h2>\r\n\t\t\t\t\t\t\t<div class=\"opening__time\">\r\n\t\t\t\t\t\t\t\t\t\t\t\t\t\t\t\t<div class=\"main__time right__border\">\r\n\t\t\t\t\t\t\t\t\t8 <span>AM<\/span> - 5 <span>PM<\/span>\t\t\t\t\t\t\t\t\t<p>MON - FRI<\/p>\r\n\t\t\t\t\t\t\t\t<\/div>\r\n\t\t\t\t\t\t\t\t\t\t\t\t\t\t\t\t\t\t\t\t\t\t\t\t<div class=\"main__time\">\r\n\t\t\t\t\t\t\t\t\t8 <span>AM<\/span> - 2 <span>PM<\/span>\t\t\t\t\t\t\t\t\t<p>SA - SO<\/p>\r\n\t\t\t\t\t\t\t\t<\/div>\r\n\t\t\t\t\t\t\t\t\t\t\t\t\t\t\t<\/div>\r\n\t\t\t\t\t\t\t<div class=\"contact__details\">\r\n\t\t\t\t\t\t\t\t<h2 class=\"title--3\">Upcoming Closing Days<\/h2>\r\n\t\t\t\t\t\t\t\t<ul>\r\n\t\t\t\t\t\t\t\t\t<li>\r\n\t\t\t\t\t\t\t\t\t\t\t\t\t\t\t\t\t\t\t\t\t01.05.2026<\/a>\r\n\t\t\t\t\t\t\t\t\t\t -\r\n\t\t\t\t\t\t\t\t\t\t\t\t\t\t\t\t\t\t\t\t\t01.05.2026<\/a>\r\n\t\t\t\t\t\t\t\t\t\t\t\t\t\t\t\t\t\t\t<\/li>\r\n\t\t\t\t\t\t\t\t<\/ul>\r\n\t\t\t\t\t\t\t<\/div>\r\n\t\t\t\t\t\t\t<div class=\"contact__details\">\r\n\t\t\t\t\t\t\t\t<h2 class=\"title--3\">Contact details<\/h2>\r\n\t\t\t\t\t\t\t\t<ul>\r\n\t\t\t\t\t\t\t\t\t\t\t\t\t\t\t\t\t\t<li>\r\n\t\t\t\t\t\t\t\t\t\tPhone:<a href=\"tel:+41 44 310 20 80\">+41 44 310 20 80<\/a>\r\n\t\t\t\t\t\t\t\t\t<\/li>\r\n\t\t\t\t\t\t\t\t\t\t\t\t\t\t\t\t\t\t\t\t\t\t\t\t\t\t\t<li>\r\n\t\t\t\t\t\t\t\t\t\tMail:<a href=\"mailto:info@bagelboys.ch\">info@bagelboys.ch<\/a>\r\n\t\t\t\t\t\t\t\t\t<\/li>\r\n\t\t\t\t\t\t\t\t\t\t\t\t\t\t\t\t\t<\/ul>\r\n\t\t\t\t\t\t\t<\/div>\r\n\t\t\t\t\t\t\t<div class=\"contact__address\">\r\n\t\t\t\t\t\t\t\t<h2 class=\"title--3\">address<\/h2>\r\n\t\t\t\t\t\t\t\t\t\t\t\t\t\t\t\t<p>Bagelboys GmbH <br> Dialogweg 11, 8050 Zurich (Hunziker Areal)<\/p>\r\n\t\t\t\t\t\t\t\t\t\t\t\t\t\t\t<\/div>\r\n\t\t\t\t\t\t<\/div>\r\n\t\t\t\t\t<\/div>\r\n\t\t\t\t\t<div class=\"col-lg-6 col-md-12\">\r\n\t\t\t\t\t\t<div class=\"contact__map\">\r\n\t\t\t\t\t\t\t\t\t\t\t\t\t\t\t<iframe src=\"https:\/\/www.google.com\/maps\/embed?pb=!1m18!1m12!1m3!1d4540.532929835676!2d8.55306568579432!3d47.41550987700541!2m3!1f0!2f0!3f0!3m2!1i1024!2i768!4f13.1!3m3!1m2!1s0x47900a9afb505b91%3A0x2e228c1f6001ac04!2sBagel%20Boys!5e0!3m2!1sen!2sbd!4v1716270764158!5m2!1sen!2sbd\" allowfullscreen=\"\" loading=\"lazy\" referrerpolicy=\"no-referrer-when-downgrade\"><\/iframe>\t\t\t\t\t\t\t\t\t\t\t\t\t<\/div>\r\n\t\t\t\t\t<\/div>\r\n\t\t\t\t<\/div>\r\n\t\t\t<\/div>\r\n\t\t<\/section>\r\n\t\t\t\t\t\t<\/div>\n\t\t\t\t<\/div>\n\t\t\t\t<\/div>\n\t\t\t\t<\/div>","protected":false},"excerpt":{"rendered":"<p>Your Business Catering Wir k\u00f6nnen auf bald 20 Jahre Erfahrung im Catering-Bereich zur\u00fcckblicken und d\u00fcrfen unz\u00e4hlige namhafte Firmen, aber auch Privatpersonen zu unseren Stammkunden z\u00e4hlen. Unsere Produkte sind eine willkommene Abwechslung zu den Caterings anderer Anbieter und \u00fcberzeugen durch Qualit\u00e4t und Kreativit\u00e4t. Die Bagel-Sandwiches werden mit \u00fcber 90% Bio-Zutaten belegt und h\u00fcbsch auf nachhaltigen Ap\u00e9roplatten [&hellip;]<\/p>\n","protected":false},"author":552,"featured_media":0,"parent":0,"menu_order":0,"comment_status":"closed","ping_status":"closed","template":"","meta":{"_acf_changed":false,"footnotes":""},"class_list":["post-30","page","type-page","status-publish","hentry"],"acf":[],"_links":{"self":[{"href":"https:\/\/bagelboys.ch\/en\/wp-json\/wp\/v2\/pages\/30","targetHints":{"allow":["GET"]}}],"collection":[{"href":"https:\/\/bagelboys.ch\/en\/wp-json\/wp\/v2\/pages"}],"about":[{"href":"https:\/\/bagelboys.ch\/en\/wp-json\/wp\/v2\/types\/page"}],"author":[{"embeddable":true,"href":"https:\/\/bagelboys.ch\/en\/wp-json\/wp\/v2\/users\/552"}],"replies":[{"embeddable":true,"href":"https:\/\/bagelboys.ch\/en\/wp-json\/wp\/v2\/comments?post=30"}],"version-history":[{"count":325,"href":"https:\/\/bagelboys.ch\/en\/wp-json\/wp\/v2\/pages\/30\/revisions"}],"predecessor-version":[{"id":8600,"href":"https:\/\/bagelboys.ch\/en\/wp-json\/wp\/v2\/pages\/30\/revisions\/8600"}],"wp:attachment":[{"href":"https:\/\/bagelboys.ch\/en\/wp-json\/wp\/v2\/media?parent=30"}],"curies":[{"name":"wp","href":"https:\/\/api.w.org\/{rel}","templated":true}]}}